{"id":3363,"date":"2023-07-19T14:40:48","date_gmt":"2023-07-19T12:40:48","guid":{"rendered":"https:\/\/union-adm.at\/?page_id=3363"},"modified":"2023-07-19T15:30:18","modified_gmt":"2023-07-19T13:30:18","slug":"aufnahme-des-sportbetriebs-10-jahre-aufbauarbeit","status":"publish","type":"page","link":"https:\/\/union-adm.at\/?page_id=3363","title":{"rendered":"Sportbetrieb und Aufbauarbeit"},"content":{"rendered":"\n<p><strong>Aufnahme und Entwicklung des Sportbetriebs<\/strong><\/p>\n\n\n\n<p>Der Sportbetrieb wurde mit zwei Gruppen aufgenommen. Die eine rekrutierte sich haupts\u00e4chlich aus dem Proponentenkomitee und hatte ein M\u00e4nnderkonditionstraining zum Ziel. Trainer war Willi Leimer, der selbst Obmann der Union Ebensee war und mit Rat und Tat half. Als zweite begann eine Kindergruppe mit entsprechenden Turn\u00fcbungen mit Isolde Lischka. Beide Gruppen kamen gut an und trugen zur Bekanntheit der jungen Union ADM wesentlich bei. Unterkunft fanden sie in der Turnhalle der Volksschule Biesenfeld. <\/p>\n\n\n\n<p>Als n\u00e4chste Sparte begann eine Kindergruppe mit Schwimmen im Hallenbad der Katholischen Hochschulgemeinde in der Mengerstra\u00dfe. Im Februar 1974 wurden einige Termine in der Turnhalle der Hauptschule Auhof frei, womit die Jugendgruppe nach Altersstufen geteilt werden konnte und auch mit Frauengymnastik begonnen wurde. Bereits im Herbst folgten die Sektionen Judo, Volleyball und Schigymnastik, Moderne Gymnastik und Schach. 1974 konnte aber auch das erste Vereinssekretariat in der Sombartstra\u00dfe 1 \/ Altenberger Stra\u00dfe 35 er\u00f6ffnet werden. <\/p>\n\n\n\n<p>1978 ging aus einem Tischtennis-Turnier im Pfarrsaal eine sehr aktive und erfolgreiche Tischtennis-Leistungsgruppe hervor. Aus der Schwimmgruppe wurde 1981 eine Leistungsgruppe herausgefiltert, in der sehr qualifizierte Aufbauarbeit geleistet wurde, ohne dabei die Breitenarbeit zu vernachl\u00e4ssigen. Sp\u00e4ter folgten die Sektionen Rhythmische Gymnastik, Sportaerobic, Gymnastik mit Frauengymnastik, Funktionsgymnastik Herren, Fitgymnastik, Seniorengymnastik, Fu\u00dfball und Triathlon.  <\/p>\n\n\n\n<p><strong>Kontinuierliche Aufbauarbeit<\/strong><\/p>\n\n\n\n<p>Je breiter das Sportangebot, umso st\u00e4rker war der Zuspruch. Da aus dem Verein selbst noch keine \u00dcbungsleiter*innen kamen, bedurfte es gro\u00dfer Anstrengungen, gute und einsatzbereite Trainer*innen zu finden und zu gewinnen. <\/p>\n\n\n\n<p>Schritt f\u00fcr Schritt war es aber m\u00f6glich, die einzelnen Sektionen st\u00e4rker zu strukturieren und nach 10 Jahren Aufbauarbeit hatte die Union ADM in allen Sport- und Turnhallen im Wohngebiet Termine f\u00fcr ihre Gruppen reserviert. So weist das Programm 33 verschiedene Gruppen mit Terminen in dreizehn verschiedenen Sportst\u00e4tten aus. <\/p>\n\n\n\n<p>Die Union ADM bewies in kurzer Zeit, dass der Sport und die Arbeit eines Sportvereines ganz wesentlich der Kontaktlosigkeit in einem so rasch wachsenden, jungen Stadtteil entgegenwirken kann. <\/p>\n\n\n\n<p>Letztlich hat die Sportunion ADM Linz der in den Wohngebieten st\u00e4ndig zunehmenden, aber auch stark fluktuierenden Bev\u00f6lkerung ein gutes Sportprogramm udn Gemeinschaft geboten und damit auch einen Beitrag f\u00fcr die Wohnqualit\u00e4t von Au\u00dfertreffling bis St. Magdalena geleistet. R\u00fcckwirkend kann festgestellt werden, dass der Verein die bei der Gr\u00fcndung von LO Langthaler gemachte Aufforderung den Breitensport zu pflegen, jedenfalls Basis f\u00fcr die Leistungen und Erfolge der Sportunion ADM Linz waren und sind. <\/p>\n\n\n\n<p>Das alles w\u00e4re aber nicht m\u00f6glich gewesen, wenn nicht mehr als 130 Funktion\u00e4r*innen in den verschiedenen Sparten und Funktionen ehrenamtlich gearbeitet h\u00e4tten, Trainer, Eltern und Sportler*innen in den Sektionen einen besonderen Gemeinschafssinn eingebracht h\u00e4tten und nicht Land O\u00d6., die Stadt Linz, viele Freunde und G\u00f6nner diese Leistung durch finanzielle Unterst\u00fctzung gef\u00f6rdert h\u00e4tten. <\/p>\n\n\n\n<p><strong>Angebot in 18 Sektionen<\/strong> <\/p>\n\n\n\n<p>Ab 1986 hatte sich die Sportunion ADM Linz im sportlichen Bereich hervorragend entwickelt. In durchschnittlich 16-18 Sektionen wird j\u00e4hrlich vielf\u00e4ltiger Sport angeboten und auch konsumiert. In den Sparten Triathlon, Rhythmische Gymnastik, Sportaerobic und Schwimmen werden ganzj\u00e4hrig Leistungszentren und im Schwimmen seit einem Jahr eine eigene Schwimmschule betrieben. Diese Leistungszentren garantieren dem Verein eine Vielzahl an internationalen Erfolgen, Staats- oder \u00d6sterreichischen Meistern, besonders auch viele Bundes- und Landestitel im Nachwuchs. <\/p>\n\n\n\n<p><\/p>\n\n\n\n<p><strong>Suche nach einer Heimst\u00e4tte<\/strong> <\/p>\n\n\n\n<p>Nachdem die sportliche T\u00e4tigkeit einigerma\u00dfen konsolidiert war, begannen Obmann Peter M\u00fcller und der Vorstand sich mit dem Gedanken zu befassen, eine eigene Sportst\u00e4tte, die zugleich dem Verein auch Heim sein konnte, zu planen. <\/p>\n\n\n\n<p>Nach langem Suchen schien eine realistische M\u00f6glichkeit gefunden. Dar\u00fcber hei\u00dft es in der ADM-Rundschau 1986 unter dem Titel &#8220;Unser Bauvorhaben&#8221;: <\/p>\n\n\n\n<p>&#8220;Pachtvertr\u00e4ge und Bauplan sind fertig, im Herbst wird mit dem Bau der Sportanlage n\u00f6rtlich der Pfarre begonnen.&#8221; <br>Dieses Projekt brachte eine B\u00fcrgerinitiative zu Fall.  <\/p>\n\n\n\n<p> <\/p>\n<div id=\"themify_builder_content-3363\" data-postid=\"3363\" class=\"themify_builder_content themify_builder_content-3363 themify_builder themify_builder_front\">\n\n\t<\/div>\n<!-- \/themify_builder_content -->","protected":false},"excerpt":{"rendered":"<p>Aufnahme und Entwicklung des Sportbetriebs Der Sportbetrieb wurde mit zwei Gruppen aufgenommen. Die eine rekrutierte sich haupts\u00e4chlich aus dem Proponentenkomitee und hatte ein M\u00e4nnderkonditionstraining zum Ziel. Trainer war Willi Leimer, der selbst Obmann der Union Ebensee war und mit Rat und Tat half. Als zweite begann eine Kindergruppe mit entsprechenden Turn\u00fcbungen mit Isolde Lischka. Beide [&hellip;]<\/p>\n","protected":false},"author":10,"featured_media":0,"parent":0,"menu_order":0,"comment_status":"closed","ping_status":"closed","template":"","meta":[],"_links":{"self":[{"href":"https:\/\/union-adm.at\/index.php?rest_route=\/wp\/v2\/pages\/3363"}],"collection":[{"href":"https:\/\/union-adm.at\/index.php?rest_route=\/wp\/v2\/pages"}],"about":[{"href":"https:\/\/union-adm.at\/index.php?rest_route=\/wp\/v2\/types\/page"}],"author":[{"embeddable":true,"href":"https:\/\/union-adm.at\/index.php?rest_route=\/wp\/v2\/users\/10"}],"replies":[{"embeddable":true,"href":"https:\/\/union-adm.at\/index.php?rest_route=%2Fwp%2Fv2%2Fcomments&post=3363"}],"version-history":[{"count":8,"href":"https:\/\/union-adm.at\/index.php?rest_route=\/wp\/v2\/pages\/3363\/revisions"}],"predecessor-version":[{"id":3380,"href":"https:\/\/union-adm.at\/index.php?rest_route=\/wp\/v2\/pages\/3363\/revisions\/3380"}],"wp:attachment":[{"href":"https:\/\/union-adm.at\/index.php?rest_route=%2Fwp%2Fv2%2Fmedia&parent=3363"}],"curies":[{"name":"wp","href":"https:\/\/api.w.org\/{rel}","templated":true}]}}