{"id":3386,"date":"2023-07-20T11:47:55","date_gmt":"2023-07-20T09:47:55","guid":{"rendered":"https:\/\/union-adm.at\/?page_id=3386"},"modified":"2023-07-28T22:58:33","modified_gmt":"2023-07-28T20:58:33","slug":"chronik-der-sportunion-adm-linz","status":"publish","type":"page","link":"https:\/\/union-adm.at\/?page_id=3386","title":{"rendered":"Chronik der Sportunion ADM Linz"},"content":{"rendered":"\n<ul>\n<li>1969: \u00dcberlegungen zur Gr\u00fcndung eines Union-Vereines im Auhof <\/li>\n\n\n\n<li>Fr\u00fchjahr 1973: Der damalige Gesch\u00f6ftsf\u00fchrer des O\u00d6 Studentenwerkes, Peter M\u00fcller, berief eine Gruppe von Personen ein, um die Gr\u00fcndung zu \u00fcberlegen <\/li>\n\n\n\n<li>09.08.1973: die Vereinsbeh\u00f6rde genehmigte die Gr\u00fcndung des Vereins <\/li>\n\n\n\n<li>26.09.2973: Gr\u00fcndungsversammlung mit 13 Gr\u00fcndungsmitgliedern im Gasthof Lehner. Der Mitgliedsbeitrag wurde f\u00fcr Erwachsene mit monatlich ATS 10,- und f\u00fcr Kinder mit ATS 5,- beschlossen.  <\/li>\n\n\n\n<li>03.10.1973: Aufnahme der Union ADM in die Union<\/li>\n\n\n\n<li>Aufnahme des Sportbetriebs mit zwei Gruppen in der Volksschule Biesenfeld: M\u00e4nnerkonditionstraining (Trainer Willi Leimer) und Kinderturnen mit Isolde Lischka<\/li>\n\n\n\n<li>Es folgen weitere Sektionen: Schwimmen im Hallenbad der Katholischen Hochschulgemeinede in der Mengerstra\u00dfe<\/li>\n\n\n\n<li>Februar 1974: Gr\u00fcndung der Sektion Frauengymnastik<\/li>\n\n\n\n<li>Herbst 1974: Gr\u00fcndung der Sektionen Judo, Volleyball, Schigymnastik, Moderne Gymnastik und Schach <\/li>\n\n\n\n<li>1974: Er\u00f6ffnung des ersten Vereinssekretariats in der Sombartstra\u00dfe 1\/ Altenberger Stra\u00dfe 35<\/li>\n\n\n\n<li>1978: aus einem Tischtennis-Turnier im Pfarrsaal ging eine Tischtennis Leistungsgruppe hervor <\/li>\n\n\n\n<li>1981: Leistungsgruppe Schwimmen <\/li>\n\n\n\n<li>1981: dem Namen Union ADM wird der Stadtname &#8220;Linz&#8221; beigef\u00fcgt <\/li>\n\n\n\n<li>1986: Plan einer eigenen Sportst\u00e4tte n\u00f6rdlich der Pfarre. Eine B\u00fcrgerinitiative bringt diese Pl\u00e4ne zu Fall <\/li>\n\n\n\n<li>10.06.1987: Die Umwidmung der Grundfl\u00e4che zwischen Autobahn und Julius-Raab-Stra\u00dfe als Sportfl\u00e4che ist von der Stadt Linz erfolgt<\/li>\n\n\n\n<li>1988: Die Union ADM Linz genehmigt den Pachtvertrag auf 25 Jahre einstimmig<\/li>\n\n\n\n<li>1991: Es erfolgt ein Einspruch der Naturschutzbeh\u00f6rde und ein Verfahren. Schlie\u00dflich wird die Zustimmung zum Bau erteilt.  <\/li>\n\n\n\n<li>1992: Die Baustelleneinrichtung erfolgt. <\/li>\n\n\n\n<li>13.05.1993: Baubegehung und \u00dcbernahme der gesamten Sportanlage durch die Impuls-Leasing und die Union ADM. <\/li>\n\n\n\n<li>1993: Bepflanzung mit 150 B\u00e4umen und Str\u00e4uchern des Auhof-Grabens durch die Vorstandsmitglieder <\/li>\n\n\n\n<li>08.06.1993: Beginn des eingeschr\u00e4nkten Probebetriebs in der Tennishalle und der Squashanlage <\/li>\n\n\n\n<li>25.09.1993: Feierliche Er\u00f6ffnung der Sportanlage mit Landessportreferent Dr. P\u00fchringer, Bizebgm. Adolf Schauberger, dem Pr\u00e4sidenten der Sportunion \u00d6sterreich Dr. Josef Finder und Union Landespr\u00e4sident Dr. Leopold Windtner <\/li>\n<\/ul>\n\n\n\n<p><em>Seite in Arbeit<\/em><\/p>\n<div id=\"themify_builder_content-3386\" data-postid=\"3386\" class=\"themify_builder_content themify_builder_content-3386 themify_builder themify_builder_front\">\n\n\t<\/div>\n<!-- \/themify_builder_content -->","protected":false},"excerpt":{"rendered":"<p>Seite in Arbeit<\/p>\n","protected":false},"author":10,"featured_media":0,"parent":0,"menu_order":0,"comment_status":"closed","ping_status":"closed","template":"","meta":[],"_links":{"self":[{"href":"https:\/\/union-adm.at\/index.php?rest_route=\/wp\/v2\/pages\/3386"}],"collection":[{"href":"https:\/\/union-adm.at\/index.php?rest_route=\/wp\/v2\/pages"}],"about":[{"href":"https:\/\/union-adm.at\/index.php?rest_route=\/wp\/v2\/types\/page"}],"author":[{"embeddable":true,"href":"https:\/\/union-adm.at\/index.php?rest_route=\/wp\/v2\/users\/10"}],"replies":[{"embeddable":true,"href":"https:\/\/union-adm.at\/index.php?rest_route=%2Fwp%2Fv2%2Fcomments&post=3386"}],"version-history":[{"count":10,"href":"https:\/\/union-adm.at\/index.php?rest_route=\/wp\/v2\/pages\/3386\/revisions"}],"predecessor-version":[{"id":3419,"href":"https:\/\/union-adm.at\/index.php?rest_route=\/wp\/v2\/pages\/3386\/revisions\/3419"}],"wp:attachment":[{"href":"https:\/\/union-adm.at\/index.php?rest_route=%2Fwp%2Fv2%2Fmedia&parent=3386"}],"curies":[{"name":"wp","href":"https:\/\/api.w.org\/{rel}","templated":true}]}}