{"id":3436,"date":"2023-08-22T14:05:30","date_gmt":"2023-08-22T12:05:30","guid":{"rendered":"https:\/\/union-adm.at\/?page_id=3436"},"modified":"2023-08-28T16:00:56","modified_gmt":"2023-08-28T14:00:56","slug":"die-sektion-tischtennis-bei-der-sportunion-adm-linz","status":"publish","type":"page","link":"https:\/\/union-adm.at\/?page_id=3436","title":{"rendered":"Die Sektion Tischtennis: Von den Anf\u00e4ngen bis heute"},"content":{"rendered":"\n<p><em>Gegr\u00fcndet 1978<\/em> <\/p>\n\n\n\n<p>Die Sektionsleiter\/Trainer waren\/sind: <\/p>\n\n\n\n<ul>\n<li>Dr. Wolfgang Kossak (SL)<\/li>\n\n\n\n<li>Richard Hanke (T)<\/li>\n\n\n\n<li>Mag. Michael Sch\u00f6fecker (SL) <\/li>\n\n\n\n<li>Walter Kern (SL)<\/li>\n\n\n\n<li>Robert Unterk\u00f6fler (SL)<\/li>\n<\/ul>\n\n\n\n<p><\/p>\n\n\n\n<h2 class=\"wp-block-heading\"><strong>Union Bundeskampfspiele 1978 &#8211; Basis f\u00fcr die Gr\u00fcndung<\/strong><\/h2>\n\n\n\n<p>Die Sektion Tischtennis wurde 1978 von Dr. Wolfgang Kossak (Sektionsleiter) und DI Manfred Puchner gegr\u00fcndet. Anl\u00e4sslich der Union Bundeskampfspiele veranstalteten die beiden Gr\u00fcnder ein Tischtennisturnier im Pfarrsaal Hl. Geist, um auszuloten, ob jemand Interesse habe, an einem TT-Leistungssportbetrieb mitzuwirken. Dabei stie\u00dfen Gerhard Ziegler (2000 verstorben) und Richard Hanke zur Union ADM. <\/p>\n\n\n\n<div class=\"wp-block-media-text alignwide is-stacked-on-mobile\"><figure class=\"wp-block-media-text__media\"><img decoding=\"async\" loading=\"lazy\" width=\"659\" height=\"443\" src=\"https:\/\/union-adm.at\/wp-content\/uploads\/2023\/08\/SL-Dr.-Kossak-ehrt-Vereinsmeister-Richard-Hanke.png\" alt=\"\" class=\"wp-image-3437 size-full\" srcset=\"https:\/\/union-adm.at\/wp-content\/uploads\/2023\/08\/SL-Dr.-Kossak-ehrt-Vereinsmeister-Richard-Hanke.png 659w, https:\/\/union-adm.at\/wp-content\/uploads\/2023\/08\/SL-Dr.-Kossak-ehrt-Vereinsmeister-Richard-Hanke-300x202.png 300w\" sizes=\"(max-width: 659px) 100vw, 659px\" \/><\/figure><div class=\"wp-block-media-text__content\">\n<p><em>Sektionsleiter Dr. Kossak ehrt Vereinsmeister Richard Hanke<\/em><\/p>\n<\/div><\/div>\n\n\n\n<p><\/p>\n\n\n\n<p>1979\/80 nahm man mit einer Mannschaft an der o\u00f6. Mannschaftsmeisterschaft in der 1. Klasse Linz A teil. Es wurde auf Anhieb der hervorragende 4. Platz erk\u00e4mpft. Drei Jahre sp\u00e4ter schaffte die A-Mannschaft den Aufstieg in die n\u00e4chst h\u00f6here Spielklasse: Kreisklasse Linz A. In weiterer Folge stie\u00dfen Herbert Wei\u00df und Johann N\u00f6stler zur Union ADM. Neben dem Leistungssport wurden auch die Jugendarbeit und der Breitensport gef\u00f6rdert. Solange Richard Hanke als Nachwuchstrainer zur Verf\u00fcgung stand, konnte der Nachwuchs optimal betreut werden, was sich auch in den erbrachten Leistungen positiv niederschlug. Josef Niederbrunner, Gregor Lauermann, Thomas Fischer u.a. waren die Leistungstr\u00e4ger im Sch\u00fcler- und Jugendbereich. <\/p>\n\n\n\n<div class=\"wp-block-media-text alignwide is-stacked-on-mobile\"><figure class=\"wp-block-media-text__media\"><img decoding=\"async\" loading=\"lazy\" width=\"629\" height=\"449\" src=\"https:\/\/union-adm.at\/wp-content\/uploads\/2023\/08\/Trainings-und-Meisterschaftsspiele-in-der-Raab-Heim-Halle.png\" alt=\"\" class=\"wp-image-3438 size-full\" srcset=\"https:\/\/union-adm.at\/wp-content\/uploads\/2023\/08\/Trainings-und-Meisterschaftsspiele-in-der-Raab-Heim-Halle.png 629w, https:\/\/union-adm.at\/wp-content\/uploads\/2023\/08\/Trainings-und-Meisterschaftsspiele-in-der-Raab-Heim-Halle-300x214.png 300w\" sizes=\"(max-width: 629px) 100vw, 629px\" \/><\/figure><div class=\"wp-block-media-text__content\">\n<p><em>Trainings- und Meisterschaftsspiele in der Raab-Heim-Halle<\/em><\/p>\n<\/div><\/div>\n\n\n\n<p><\/p>\n\n\n\n<h2 class=\"wp-block-heading\">Akademischer Meister<\/h2>\n\n\n\n<p>1986\/87 wurde die Union ADM Linz mit der Mannschaft Mag. Miggisch, Dr. Kossak und Dipl.-Ing. Puchner akademischer Mannschaftsmeister der Universit\u00e4t Linz und Wolfgang M\u00fcller erreichte das Viertelfinale bei O\u00d6 Sch\u00fclermeisterschaften. <\/p>\n\n\n\n<p><strong>Endtabelle 1987\/88 O\u00d6 Kreisklasse Mitte Herren:<\/strong><\/p>\n\n\n\n<ol>\n<li>SK VOEST Linz D<\/li>\n\n\n\n<li>SV Gallneukirchen<\/li>\n\n\n\n<li><strong>Union ADM Linz <\/strong><\/li>\n\n\n\n<li>ASK\u00d6 Linz Froschberg E<\/li>\n\n\n\n<li>Union KJ Forschberg B<\/li>\n\n\n\n<li>DSG\/Union Freistadt C<\/li>\n\n\n\n<li>DSG\/Union Gutau B<\/li>\n\n\n\n<li>Union Lasberg B<\/li>\n\n\n\n<li>DSG\/Union Waldegg F<\/li>\n\n\n\n<li>SPG SBU\/LASK B<\/li>\n\n\n\n<li>DSG\/Union Pichling B<\/li>\n\n\n\n<li>DSG\/Union Altenberg<\/li>\n<\/ol>\n\n\n\n<div class=\"wp-block-media-text alignwide is-stacked-on-mobile\"><figure class=\"wp-block-media-text__media\"><img decoding=\"async\" loading=\"lazy\" width=\"633\" height=\"391\" src=\"https:\/\/union-adm.at\/wp-content\/uploads\/2023\/08\/Vereinsmeisterschaft-1989-Gerhard-Ziegler-mit-Ernst-und-Thomas-Fuerlinger.png\" alt=\"\" class=\"wp-image-3439 size-full\" srcset=\"https:\/\/union-adm.at\/wp-content\/uploads\/2023\/08\/Vereinsmeisterschaft-1989-Gerhard-Ziegler-mit-Ernst-und-Thomas-Fuerlinger.png 633w, https:\/\/union-adm.at\/wp-content\/uploads\/2023\/08\/Vereinsmeisterschaft-1989-Gerhard-Ziegler-mit-Ernst-und-Thomas-Fuerlinger-300x185.png 300w\" sizes=\"(max-width: 633px) 100vw, 633px\" \/><\/figure><div class=\"wp-block-media-text__content\">\n<p><em>Vereinsmeisterschaft 1989 Gerhard Ziegler mit Ernst und Thomas F\u00fcrlinger<\/em><\/p>\n<\/div><\/div>\n\n\n\n<p><\/p>\n\n\n\n<p>Sehr erfolgreich war das Sportjahr 1987\/88, in dem der A-Mannschanft (Puchner, Wei\u00df, Schindlbauer, Lauermann) nach 84\/85 der Wiederaufstieg in die Bezirksklasse gelang. Die B-Mannschaft (Kossak, N\u00f6stler, Ziegler, M\u00fcller) wurde in ihrer Klasse Vizemeister hinter dem neu gegr\u00fcndeten Lokalrivalen 1. TTK Biesenfeld. Ab diesem Zeitpunkt ist die Union ADM mit drei Mannschaften in der O\u00d6 Mannschaftsmeisterschaft vertreten. Bis Anfang der 90er Jahre gab es auch eine Hobbymannschaft und eine Damenmannschaft. <\/p>\n\n\n\n<p>1990\/91 stieg die A-Mannschaft aus der Bezirksklasse ab. Es setzte eine Verj\u00fcngung bei der Sektion ein. Dr. Schindlbauer und Mag. Miggisch verlie\u00dfen den Verein, DI Puchner beendete verletzungsbedingt seine Karriere. <\/p>\n\n\n\n<div class=\"wp-block-media-text alignwide is-stacked-on-mobile\"><figure class=\"wp-block-media-text__media\"><img decoding=\"async\" loading=\"lazy\" width=\"653\" height=\"429\" src=\"https:\/\/union-adm.at\/wp-content\/uploads\/2023\/08\/Tischtennismannschaft-1989.png\" alt=\"\" class=\"wp-image-3440 size-full\" srcset=\"https:\/\/union-adm.at\/wp-content\/uploads\/2023\/08\/Tischtennismannschaft-1989.png 653w, https:\/\/union-adm.at\/wp-content\/uploads\/2023\/08\/Tischtennismannschaft-1989-300x197.png 300w\" sizes=\"(max-width: 653px) 100vw, 653px\" \/><\/figure><div class=\"wp-block-media-text__content\">\n<p><em>Tischtennismannschaft 1989<\/em><\/p>\n\n\n\n<p><em>v.links: M\u00fcller, Fischer Thomas, SL Dr. Wofgang Kossak, Lauermann, Herbert Wei\u00df, Ganswohl, Klaus Stierberger, Dr. Gottfried Schindlbauer, Gerhard Ziegler, Hans N\u00f6stler<\/em> <\/p>\n<\/div><\/div>\n\n\n\n<p><\/p>\n\n\n\n<p>Gute Nachwuchsspieler wurden freigegeben, damit sie bei danderen Vereinen in h\u00f6heren Spielklassen spielen konnten. <\/p>\n\n\n\n<p>Bis 1992 konnte die Union ADM auch au\u00dferhalb der O\u00d6 Meisterschaft im M\u00fchlviertler-Cup, bei den Akademischen Meisterschaften und diversen Nachwuchturnieren tolle Erfolge erk\u00e4mpfen. <\/p>\n\n\n\n<h2 class=\"wp-block-heading\">Neue Sektionsleitung und erfolgreiche Arbeit <\/h2>\n\n\n\n<p>1993 \u00fcbernahm Mag. Michael Sch\u00f6fecker die Sektionsleitung von Dr. Kossak. <\/p>\n\n\n\n<p>In der Saison 1993\/94 konnte die Heren B-Mannschaft den ersehnten Aufstieg in die Kreisklasse realisieren. Bei der Anfang Mai 1994 abgehaltenen Vereinsmeisterschaft konnte erstmals das j\u00fcngste Vereinsmitglied den Vereinsmeistertitel erringen. Hannes Foissner, Jahrgang 1978, besiegte in einem spannenden Finale Ernst F\u00fcrlinger. <\/p>\n\n\n\n<div class=\"wp-block-media-text alignwide is-stacked-on-mobile\"><figure class=\"wp-block-media-text__media\"><img decoding=\"async\" loading=\"lazy\" width=\"643\" height=\"448\" src=\"https:\/\/union-adm.at\/wp-content\/uploads\/2023\/08\/1997-Ehrung-verdienter-Funktionaere-und-Aktiver-durch-TT-OOe-Praes.-Friedinger.png\" alt=\"\" class=\"wp-image-3445 size-full\" srcset=\"https:\/\/union-adm.at\/wp-content\/uploads\/2023\/08\/1997-Ehrung-verdienter-Funktionaere-und-Aktiver-durch-TT-OOe-Praes.-Friedinger.png 643w, https:\/\/union-adm.at\/wp-content\/uploads\/2023\/08\/1997-Ehrung-verdienter-Funktionaere-und-Aktiver-durch-TT-OOe-Praes.-Friedinger-300x209.png 300w\" sizes=\"(max-width: 643px) 100vw, 643px\" \/><\/figure><div class=\"wp-block-media-text__content\">\n<p><em>1997 Ehrung verdienter Funktion\u00e4re und Aktiver durch Pr\u00e4s. Friedinger<\/em><\/p>\n\n\n\n<p><em>V. links: H. Wei\u00df, Mag. Sch\u00f6fecker, M. Futschek, Dr. Kossak, J. N\u00f6stler, G. Ziegler, DI Gruber, Pr\u00e4s. Friedinger, DI Puchner<\/em><\/p>\n<\/div><\/div>\n\n\n\n<div class=\"wp-block-media-text alignwide is-stacked-on-mobile\"><figure class=\"wp-block-media-text__media\"><img decoding=\"async\" loading=\"lazy\" width=\"698\" height=\"407\" src=\"https:\/\/union-adm.at\/wp-content\/uploads\/2023\/08\/Mag.-Schoefecker-mit-Fuerlinger-in-der-Box.png\" alt=\"\" class=\"wp-image-3444 size-full\" srcset=\"https:\/\/union-adm.at\/wp-content\/uploads\/2023\/08\/Mag.-Schoefecker-mit-Fuerlinger-in-der-Box.png 698w, https:\/\/union-adm.at\/wp-content\/uploads\/2023\/08\/Mag.-Schoefecker-mit-Fuerlinger-in-der-Box-300x175.png 300w\" sizes=\"(max-width: 698px) 100vw, 698px\" \/><\/figure><div class=\"wp-block-media-text__content\">\n<p><em>1999\/2000: Mag. Sch\u00f6fecker mit F\u00fcrlinger beim Training in den Squash-Boxen des neuen Trainingszentrums ADM Sport-Center<\/em><\/p>\n<\/div><\/div>\n\n\n\n<p><\/p>\n\n\n\n<p>Die nachfolgenden Jahre waren &#8211; speziell im Meisterschaftsbetrieb &#8211; von Personalmangel gepr\u00e4gt, auch wenn es Neuzug\u00e4nge gab. Jugendliche bekundeten erfreulicherweise ihr Interesse, sodass doch einige Energie in die Nachwuchsarbeit investiert wurde. <\/p>\n\n\n\n<p>In der Saison 2000\/01 konnte ein Staatsligaspieler als Jugendtrainer verpflichtet weren, der zweimal in der Woche bis zu sechs Buben betreute. Auch die Erwachsenen &#8220;bildeten&#8221; sich fort. Zweimal vor Meisterschaftsbeginn wurde Anfang September eine Trainingswoche mit kompetenten Trainern organisiert, was sich sehr motivierend auf die beginnende Meisterschaft auswirkte. Jeder war gespannt, ob er das Gelernte auch &#8220;im Ernstfall&#8221; anwenden k\u00f6nnte. Mannschaftlich wurden Pl\u00e4tze im Mittelfeld belegt, in der Einzelrangliste konnten einige Pl\u00e4tze unter den Top 10 erk\u00e4mpft werden. Beispielsweise wurde Herbert Wei\u00df in der Saison 2002\/03 in der 1. Klasse Linz A hervorragender Dritter.   <\/p>\n\n\n\n<p>In den n\u00e4chsten Jahren Anfang der 2000er erfolgte die j\u00e4hrliche Teilnahme an der O\u00d6 Mannschaftsmeisterschaft. Die Platzierungen lagen meist zwischen Rang 8 und 12, in der Saison 2009\/10 konnte in der Kreisklasse M\u00fchlviertel sogar der 2. Platz erreicht werden. In der Sason 2011\/12 in der 2. Klasse Linz B sogar der 1. Platz. <\/p>\n\n\n\n<p><\/p>\n\n\n\n<div class=\"wp-block-media-text alignwide is-stacked-on-mobile\"><figure class=\"wp-block-media-text__media\"><img decoding=\"async\" loading=\"lazy\" width=\"544\" height=\"364\" src=\"https:\/\/union-adm.at\/wp-content\/uploads\/2023\/08\/Tischtennismannschaft-2002.png\" alt=\"\" class=\"wp-image-3449 size-full\" srcset=\"https:\/\/union-adm.at\/wp-content\/uploads\/2023\/08\/Tischtennismannschaft-2002.png 544w, https:\/\/union-adm.at\/wp-content\/uploads\/2023\/08\/Tischtennismannschaft-2002-300x201.png 300w\" sizes=\"(max-width: 544px) 100vw, 544px\" \/><\/figure><div class=\"wp-block-media-text__content\">\n<p><em>Tischtennismannschaft 2002<\/em><\/p>\n<\/div><\/div>\n\n\n\n<p><\/p>\n\n\n\n<p>2013\/14: Akuter Personalmangel pr\u00e4gte die Sektion, da nur mehr 7 Aktive zur Verf\u00fcgung standen. Die Meisterschaft wurde mit einer Mannschaft bestritten und endete auf Rang 9 in der Kreisklasse M\u00fchlviertel West. Die \u00fcberwiegenden St\u00fctzen der Mannschaft waren Ernst F\u00fcrlinger, Johann N\u00f6stler, Alexander Schindlbauer und Michael Sch\u00f6fecker.<\/p>\n\n\n\n<p>2014\/15 erfolgte ein Abstieg in die 1. Klasse, jedoch gab es wieder Neuzug\u00e4nge (Thomas Fritz, G\u00fcnter Putz, Manuel Rigger), sodass in der Saison 2015\/16 wieder zwei Mannschaften am Meisterschaftsbetrieb teilnehmen konnten. Die A-Mannschaft siegte in der 1. Klasse Linz-Umgebung B und schaffte den geplanten Wiederaufstieg. Die B-Mannschaft belegte in der 1. Klasse Linz-Umgebung A den 5. Platz.<\/p>\n\n\n\n<p><strong>Endtabelle Saison 2015\/16, 1.Klasse Linz-Umgebung B:<\/strong><\/p>\n\n\n\n<ol>\n<li><strong>Union ADM Linz 1<\/strong><\/li>\n\n\n\n<li>Altenberg 1<\/li>\n\n\n\n<li>Biesenfeld 9<\/li>\n\n\n\n<li>Racketlon 1<\/li>\n\n\n\n<li>Steyregg 3<\/li>\n\n\n\n<li>Urfahr 5<\/li>\n\n\n\n<li>Gallneukirchen 2<\/li>\n\n\n\n<li>Linz-Froschberg AG 10<\/li>\n\n\n\n<li>Alberndorf 5<\/li>\n<\/ol>\n\n\n\n<p><\/p>\n\n\n\n<p>2017\/18 f\u00fchrte der Tischtennis-Verband eine neue Klasseneinteilung ein. In dieser Saison gab es leider viele krankheits- und verletzungsbedingte Ausf\u00e4lle. Die A-Mannschaft (Bezirksliga Linz Umg.\/M\u00fchlviertel Mitte) &nbsp;und die B-Mannschaft (Bezirksklasse Linz\/M\u00fchlviertel West) beendeten die Meisterschaft jeweils mit dem 9. Rang und mussten somit absteigen. Doch bereits in der darauffolgenden Saison konnte die A-Mannschaft (Fritz, N\u00f6stler, Schindlbauer und Sch\u00f6fecker) mit dem 2. Rang wieder aufsteigen. Unsere zweite Mannschaft (F\u00fcrlinger, Putz, Martin Reiter, Manuel Resch, Rigger) schaffte den angepeilten Klassenerhalt.<\/p>\n\n\n\n<p><strong>Endtabelle Saison 2018\/19, 1.Klasse Linz-Umgebung B:<\/strong><\/p>\n\n\n\n<ol>\n<li>Linz AG Sport 2<\/li>\n\n\n\n<li><strong>Union ADM Linz 1<\/strong><\/li>\n\n\n\n<li>Asten 2<\/li>\n\n\n\n<li>Steyregg 2<\/li>\n\n\n\n<li>ASK\u00d6 Sportverein Franckviertel Linz 1<\/li>\n\n\n\n<li>Urfahr 4<\/li>\n\n\n\n<li>Froschberg, DSG 5<\/li>\n\n\n\n<li>Wartberg, TSU 5<\/li>\n\n\n\n<li>Leonding 2<\/li>\n\n\n\n<li>Pasching 2<\/li>\n<\/ol>\n\n\n\n<p><\/p>\n\n\n\n<p>Die Meisterschaft 2019\/20 verlief f\u00fcr unsere beiden Mannschaften krankheits- und verletzungsbedingt leider entt\u00e4uschend und beide Mannschaften mussten absteigen. Im Jahr 2020\/21 wurde die Meisterschaft nach drei Runden COVID-bedingt abgebrochen und der Meisterschaftsbetrieb eingestellt. In dieser Phase verlie\u00dfen uns durch berufliche Ver\u00e4nderungen drei Stammspieler (Fritz, Resch und Rigger), was die Personalnot sprunghaft versch\u00e4rfte und nur mehr eine Mannschaft an der Meisterschaft teilnehmen konnte (3. Platz Bezirksklasse Linz MV-FR). <\/p>\n\n\n\n<p>Zwei weitere langj\u00e4hrige Spieler (Alfred Kagerer und Johann N\u00f6stler) beendeten altersbedingt ihre TT-Karriere. Ein weiteres Mitglied (Martin Reiter) ver\u00e4nderte sich beruflich und steht uns 2023\/24 vor\u00fcbergehen nicht zur Verf\u00fcgung. Wir konnten dennoch einen Neuzugang (Merlin Burkandt) verzeichnen. Letztlich belegte unsere Mannschaft in der Bezirksklasse Linz MV-FR den 6. Platz. Die n\u00e4chste Wettkampf-Saison wird voraussichtlich mit sechs Spielern bestritten werden.<\/p>\n\n\n\n<p>Im Jahr 2023 feiert die Sportunion ADM Linz ihr 50-j\u00e4hriges Bestehen, Sektionsleiter Michael Sch\u00f6fecker 30 Jahre Sektionsleitung &#8211; die Sportunion ADM Linz gratuliert! <\/p>\n<div id=\"themify_builder_content-3436\" data-postid=\"3436\" class=\"themify_builder_content themify_builder_content-3436 themify_builder themify_builder_front\">\n\n\t<\/div>\n<!-- \/themify_builder_content -->","protected":false},"excerpt":{"rendered":"<p>Gegr\u00fcndet 1978 Die Sektionsleiter\/Trainer waren\/sind: Union Bundeskampfspiele 1978 &#8211; Basis f\u00fcr die Gr\u00fcndung Die Sektion Tischtennis wurde 1978 von Dr. Wolfgang Kossak (Sektionsleiter) und DI Manfred Puchner gegr\u00fcndet. Anl\u00e4sslich der Union Bundeskampfspiele veranstalteten die beiden Gr\u00fcnder ein Tischtennisturnier im Pfarrsaal Hl. Geist, um auszuloten, ob jemand Interesse habe, an einem TT-Leistungssportbetrieb mitzuwirken. Dabei stie\u00dfen Gerhard [&hellip;]<\/p>\n","protected":false},"author":10,"featured_media":0,"parent":0,"menu_order":0,"comment_status":"closed","ping_status":"closed","template":"","meta":[],"_links":{"self":[{"href":"https:\/\/union-adm.at\/index.php?rest_route=\/wp\/v2\/pages\/3436"}],"collection":[{"href":"https:\/\/union-adm.at\/index.php?rest_route=\/wp\/v2\/pages"}],"about":[{"href":"https:\/\/union-adm.at\/index.php?rest_route=\/wp\/v2\/types\/page"}],"author":[{"embeddable":true,"href":"https:\/\/union-adm.at\/index.php?rest_route=\/wp\/v2\/users\/10"}],"replies":[{"embeddable":true,"href":"https:\/\/union-adm.at\/index.php?rest_route=%2Fwp%2Fv2%2Fcomments&post=3436"}],"version-history":[{"count":36,"href":"https:\/\/union-adm.at\/index.php?rest_route=\/wp\/v2\/pages\/3436\/revisions"}],"predecessor-version":[{"id":3760,"href":"https:\/\/union-adm.at\/index.php?rest_route=\/wp\/v2\/pages\/3436\/revisions\/3760"}],"wp:attachment":[{"href":"https:\/\/union-adm.at\/index.php?rest_route=%2Fwp%2Fv2%2Fmedia&parent=3436"}],"curies":[{"name":"wp","href":"https:\/\/api.w.org\/{rel}","templated":true}]}}