{"id":4180,"date":"2023-11-24T19:52:32","date_gmt":"2023-11-24T18:52:32","guid":{"rendered":"https:\/\/union-adm.at\/?page_id=4180"},"modified":"2023-12-01T13:20:20","modified_gmt":"2023-12-01T12:20:20","slug":"sektion-triathlon-von-den-anfaengen-bis-heute","status":"publish","type":"page","link":"https:\/\/union-adm.at\/?page_id=4180","title":{"rendered":"Sektion Triathlon &#8211; von den Anf\u00e4ngen bis heute"},"content":{"rendered":"\n<p>Ende 1995 wurde die Sektion Triathlon und Duathlon gegr\u00fcndet und in weiterer Folge von Gerhard Horvath gef\u00fchrt. Der Trainingsbetrieb wurde mit zehn Aktiven aufgenommen, wovon 3 in der Juniorenklasse starteten. Im ersten Wettkampfjahr konnte Gerald Horvath den Juniorenstaatsmeiter feiern. Bei der WM in Ungarn machte Gerald mit einem 15. Platz auf sich aufmerksam, was f\u00fcr die Zukunft einiges erwarten lie\u00df. <\/p>\n\n\n\n<p>In den darauffolgenden Jahren haben sich weitere Athlet*innen durch Spitzenleistungen in nationalen als auch internationalen Bewerben hervorgetan: Christian Fridrik, Tania Haib\u00f6ck, Barbara Nissel, Johanna Breitenfellner u.a. Sie alle haben mittlerwile in ihren Alstersklassen unz\u00e4hlige LM- bzw. Staatsmeistertitel erringen k\u00f6nnen. <\/p>\n\n\n\n<h2 class=\"wp-block-heading\">Leistungszentrum Triathlon<\/h2>\n\n\n\n<p>Die hervorragenden Leistunen der Sportler*innen in allen Alstersstufen bewog die Union ADM Linz im Dezember 2000 das &#8220;Leistungszentrum Triathlon&#8221; zu gr\u00fcnden und damit noch bessere Grundlagen f\u00fcr das Training und die Organisation der Sektion leisten zu k\u00f6nnen. Die nationalen und internationalen Erfolge in den folgenden Jahren best\u00e4tigten die Richtigkeit dieser Entscheidung. <\/p>\n\n\n\n<p>Ab 2001 sind Gerald Horvath und Tania Haib\u00f6ck in den Weltcup voll eingestiegen. Die vergangene Saison 2002 beendete Tania mit dem 93. und Gerald mit dem 140. Endrang. <\/p>\n\n\n\n<figure class=\"wp-block-image size-full\"><img decoding=\"async\" loading=\"lazy\" width=\"901\" height=\"447\" src=\"https:\/\/union-adm.at\/wp-content\/uploads\/2023\/11\/Triathlon-ADM.jpg\" alt=\"\" class=\"wp-image-4181\" srcset=\"https:\/\/union-adm.at\/wp-content\/uploads\/2023\/11\/Triathlon-ADM.jpg 901w, https:\/\/union-adm.at\/wp-content\/uploads\/2023\/11\/Triathlon-ADM-300x149.jpg 300w, https:\/\/union-adm.at\/wp-content\/uploads\/2023\/11\/Triathlon-ADM-768x381.jpg 768w\" sizes=\"(max-width: 901px) 100vw, 901px\" \/><figcaption class=\"wp-element-caption\">Ein Teil unserer erfolgreichen Triathlet*innen 2002 v. links: Christian Fridrik, Barbara Nissel, Horst Hauser, Johanna Breitenfellner, Stefan N\u00f6bauer, Georg M\u00f6rixbauer und Gerald Horvath <\/figcaption><\/figure>\n\n\n\n<figure class=\"wp-block-image size-full\"><img decoding=\"async\" loading=\"lazy\" width=\"755\" height=\"493\" src=\"https:\/\/union-adm.at\/wp-content\/uploads\/2023\/11\/Triathlon-Haiboeck-Horvath.jpg\" alt=\"\" class=\"wp-image-4182\" srcset=\"https:\/\/union-adm.at\/wp-content\/uploads\/2023\/11\/Triathlon-Haiboeck-Horvath.jpg 755w, https:\/\/union-adm.at\/wp-content\/uploads\/2023\/11\/Triathlon-Haiboeck-Horvath-300x196.jpg 300w\" sizes=\"(max-width: 755px) 100vw, 755px\" \/><\/figure>\n\n\n\n<p>Unsere Triathlon Aush\u00e4ngeschilder: Olympia Teilnehmerin 2008 Tania Haib\u00f6ck und Gerald Horvath  <\/p>\n\n\n\n<p><strong>Gerald Horvath<\/strong>: Junioren Staatsmeister im Triathlon, Teilnehmer an mehreren Europa- und Weltmeisterschaften und dort mehrmals bester \u00d6sterreicher, mehrfacher Gewinner des Linz-Triathlons. <\/p>\n\n\n\n<h2 class=\"wp-block-heading\">H\u00f6hepunkt Olympische Spiele<\/h2>\n\n\n\n<p><strong>Tania Haib\u00f6ck<\/strong> f\u00fchrt die Union ADM Linz zur Sensation der Vereinsgeschichte: Als 7-fache Triathlon und Duathlon Staatsmeisterin, Europameisterschafts-Zweite 2007 in der Mannschaftswertung gemeinsam mit Kate Allen&nbsp;und&nbsp;Eva Maria Dollinger, nimmt sie schlie\u00dflich an den <strong>Olympischen Sommerspielen 2008<\/strong> teil. <\/p>\n\n\n\n<p>In den Jahren 2003 bis 2013 erreichten die Triathlet*innen der Union ADM zahlreiche Landesmeisterschaftstitel (Elisabeth Sassmann, Florian Metzger, Elisabeth Horvath), zwei Staatsmeistertitel und einen \u00d6sterreichischen Mannschaftsmeister-Titel (Christian Fridrik, Manuel Nei\u00dfl, Madlmair). <\/p>\n\n\n\n<figure class=\"wp-block-image size-full\"><img decoding=\"async\" loading=\"lazy\" width=\"514\" height=\"342\" src=\"https:\/\/union-adm.at\/wp-content\/uploads\/2023\/11\/Triathlon-Fridrik-etc.jpg\" alt=\"\" class=\"wp-image-4186\" srcset=\"https:\/\/union-adm.at\/wp-content\/uploads\/2023\/11\/Triathlon-Fridrik-etc.jpg 514w, https:\/\/union-adm.at\/wp-content\/uploads\/2023\/11\/Triathlon-Fridrik-etc-300x200.jpg 300w\" sizes=\"(max-width: 514px) 100vw, 514px\" \/><figcaption class=\"wp-element-caption\">Gerald Horvath, Christian Fridrik, Manuel Nei\u00dfl <\/figcaption><\/figure>\n\n\n\n<h2 class=\"wp-block-heading\">Fokus auf die Langstrecke<\/h2>\n\n\n\n<p>Mittlerweile hat Johannes Puchhammer die Sektion \u00fcbernommen und seine Mannschaft zeichnet sich vor allem durch die Langstrecke aus. Puchhammer selbst ein begnadeter Athlet l\u00e4uft mehrere Marathons und Halbmarathons in pers\u00f6nlicher Bestzeit, au\u00dferdem einen Ironman in Z\u00fcrich.  <\/p>\n\n\n\n<p>Unglaubliche 24 Stunden sa\u00df Martin Freimuth 2022 und 2023 beim 24h-Radmarathon Grieskirchen am Fahrrad. Helmut Eder hat beim 16. Linztriathlon am 28. Mai 2022 alles gegeben und in einer Zeit von 5:07h in der Altersklasse der 55-60 J\u00e4hrigen ein gutes Rennen in der Halbdistanz absolviert. <\/p>\n\n\n\n<figure class=\"wp-block-gallery has-nested-images columns-default is-cropped wp-block-gallery-1 is-layout-flex\">\n<figure class=\"wp-block-image size-large\"><img decoding=\"async\" loading=\"lazy\" width=\"1600\" height=\"1200\" data-id=\"2617\"  src=\"https:\/\/union-adm.at\/wp-content\/uploads\/2022\/08\/Martin-Freimuth-Radmarathon-5.jpg\" alt=\"\" class=\"wp-image-2617\" srcset=\"https:\/\/union-adm.at\/wp-content\/uploads\/2022\/08\/Martin-Freimuth-Radmarathon-5.jpg 1600w, https:\/\/union-adm.at\/wp-content\/uploads\/2022\/08\/Martin-Freimuth-Radmarathon-5-300x225.jpg 300w, https:\/\/union-adm.at\/wp-content\/uploads\/2022\/08\/Martin-Freimuth-Radmarathon-5-768x576.jpg 768w\" sizes=\"(max-width: 1600px) 100vw, 1600px\" \/><figcaption class=\"wp-element-caption\">Martin Freimuth beim 24h Radrennen in Grieskirchen mit Unterst\u00fctzung seiner beiden Jungs<\/figcaption><\/figure>\n\n\n\n<figure class=\"wp-block-image size-large\"><img decoding=\"async\" loading=\"lazy\" width=\"1200\" height=\"1600\" data-id=\"2620\"  src=\"https:\/\/union-adm.at\/wp-content\/uploads\/2022\/08\/Martin-Freimuth-Radmarathon-3.jpg\" alt=\"\" class=\"wp-image-2620\" srcset=\"https:\/\/union-adm.at\/wp-content\/uploads\/2022\/08\/Martin-Freimuth-Radmarathon-3.jpg 1200w, https:\/\/union-adm.at\/wp-content\/uploads\/2022\/08\/Martin-Freimuth-Radmarathon-3-225x300.jpg 225w, https:\/\/union-adm.at\/wp-content\/uploads\/2022\/08\/Martin-Freimuth-Radmarathon-3-768x1024.jpg 768w\" sizes=\"(max-width: 1200px) 100vw, 1200px\" \/><\/figure>\n\n\n\n<figure class=\"wp-block-image size-large\"><img decoding=\"async\" loading=\"lazy\" width=\"1277\" height=\"1920\" data-id=\"2559\"  src=\"https:\/\/union-adm.at\/wp-content\/uploads\/2022\/07\/CHWD1602-cp-1277x1920.jpeg\" alt=\"\" class=\"wp-image-2559\" srcset=\"https:\/\/union-adm.at\/wp-content\/uploads\/2022\/07\/CHWD1602-cp-1277x1920.jpeg 1277w, https:\/\/union-adm.at\/wp-content\/uploads\/2022\/07\/CHWD1602-cp-200x300.jpeg 200w, https:\/\/union-adm.at\/wp-content\/uploads\/2022\/07\/CHWD1602-cp-768x1155.jpeg 768w, https:\/\/union-adm.at\/wp-content\/uploads\/2022\/07\/CHWD1602-cp.jpeg 1362w\" sizes=\"(max-width: 1277px) 100vw, 1277px\" \/><figcaption class=\"wp-element-caption\">Helmut Eder bei der Kaiserwinkl-Walchsee Challenge<\/figcaption><\/figure>\n\n\n\n<figure class=\"wp-block-image size-large\"><img decoding=\"async\" loading=\"lazy\" width=\"1920\" height=\"1277\" data-id=\"2558\"  src=\"https:\/\/union-adm.at\/wp-content\/uploads\/2022\/07\/CHWC0672-cp-1920x1277.jpeg\" alt=\"\" class=\"wp-image-2558\" srcset=\"https:\/\/union-adm.at\/wp-content\/uploads\/2022\/07\/CHWC0672-cp-1920x1277.jpeg 1920w, https:\/\/union-adm.at\/wp-content\/uploads\/2022\/07\/CHWC0672-cp-300x200.jpeg 300w, https:\/\/union-adm.at\/wp-content\/uploads\/2022\/07\/CHWC0672-cp-768x511.jpeg 768w, https:\/\/union-adm.at\/wp-content\/uploads\/2022\/07\/CHWC0672-cp.jpeg 2048w\" sizes=\"(max-width: 1920px) 100vw, 1920px\" \/><\/figure>\n<\/figure>\n\n\n\n<figure class=\"wp-block-gallery has-nested-images columns-default is-cropped wp-block-gallery-3 is-layout-flex\">\n<figure class=\"wp-block-image size-large\"><img decoding=\"async\" loading=\"lazy\" width=\"1024\" height=\"682\" data-id=\"4255\"  src=\"https:\/\/union-adm.at\/wp-content\/uploads\/2023\/12\/WhatsApp-Image-2023-11-30-at-20.28.02_3398dfea.jpg\" alt=\"\" class=\"wp-image-4255\" srcset=\"https:\/\/union-adm.at\/wp-content\/uploads\/2023\/12\/WhatsApp-Image-2023-11-30-at-20.28.02_3398dfea.jpg 1024w, https:\/\/union-adm.at\/wp-content\/uploads\/2023\/12\/WhatsApp-Image-2023-11-30-at-20.28.02_3398dfea-300x200.jpg 300w, https:\/\/union-adm.at\/wp-content\/uploads\/2023\/12\/WhatsApp-Image-2023-11-30-at-20.28.02_3398dfea-768x512.jpg 768w\" sizes=\"(max-width: 1024px) 100vw, 1024px\" \/><\/figure>\n\n\n\n<figure class=\"wp-block-image size-large\"><img decoding=\"async\" loading=\"lazy\" width=\"1024\" height=\"682\" data-id=\"4254\"  src=\"https:\/\/union-adm.at\/wp-content\/uploads\/2023\/12\/WhatsApp-Image-2023-11-30-at-20.28.02_3755af3b.jpg\" alt=\"\" class=\"wp-image-4254\" srcset=\"https:\/\/union-adm.at\/wp-content\/uploads\/2023\/12\/WhatsApp-Image-2023-11-30-at-20.28.02_3755af3b.jpg 1024w, https:\/\/union-adm.at\/wp-content\/uploads\/2023\/12\/WhatsApp-Image-2023-11-30-at-20.28.02_3755af3b-300x200.jpg 300w, https:\/\/union-adm.at\/wp-content\/uploads\/2023\/12\/WhatsApp-Image-2023-11-30-at-20.28.02_3755af3b-768x512.jpg 768w\" sizes=\"(max-width: 1024px) 100vw, 1024px\" \/><\/figure>\n\n\n\n<figure class=\"wp-block-image size-large\"><img decoding=\"async\" loading=\"lazy\" width=\"1024\" height=\"682\" data-id=\"4256\"  src=\"https:\/\/union-adm.at\/wp-content\/uploads\/2023\/12\/WhatsApp-Image-2023-11-30-at-20.28.02_f644b585.jpg\" alt=\"\" class=\"wp-image-4256\" srcset=\"https:\/\/union-adm.at\/wp-content\/uploads\/2023\/12\/WhatsApp-Image-2023-11-30-at-20.28.02_f644b585.jpg 1024w, https:\/\/union-adm.at\/wp-content\/uploads\/2023\/12\/WhatsApp-Image-2023-11-30-at-20.28.02_f644b585-300x200.jpg 300w, https:\/\/union-adm.at\/wp-content\/uploads\/2023\/12\/WhatsApp-Image-2023-11-30-at-20.28.02_f644b585-768x512.jpg 768w\" sizes=\"(max-width: 1024px) 100vw, 1024px\" \/><\/figure>\n\n\n\n<figure class=\"wp-block-image size-large\"><img decoding=\"async\" loading=\"lazy\" width=\"1024\" height=\"682\" data-id=\"4258\"  src=\"https:\/\/union-adm.at\/wp-content\/uploads\/2023\/12\/WhatsApp-Image-2023-11-30-at-20.31.28_5b516628.jpg\" alt=\"\" class=\"wp-image-4258\" srcset=\"https:\/\/union-adm.at\/wp-content\/uploads\/2023\/12\/WhatsApp-Image-2023-11-30-at-20.31.28_5b516628.jpg 1024w, https:\/\/union-adm.at\/wp-content\/uploads\/2023\/12\/WhatsApp-Image-2023-11-30-at-20.31.28_5b516628-300x200.jpg 300w, https:\/\/union-adm.at\/wp-content\/uploads\/2023\/12\/WhatsApp-Image-2023-11-30-at-20.31.28_5b516628-768x512.jpg 768w\" sizes=\"(max-width: 1024px) 100vw, 1024px\" \/><\/figure>\n\n\n\n<figure class=\"wp-block-image size-large\"><img decoding=\"async\" loading=\"lazy\" width=\"1024\" height=\"682\" data-id=\"4257\"  src=\"https:\/\/union-adm.at\/wp-content\/uploads\/2023\/12\/WhatsApp-Image-2023-11-30-at-20.31.28_c119ec0c.jpg\" alt=\"\" class=\"wp-image-4257\" srcset=\"https:\/\/union-adm.at\/wp-content\/uploads\/2023\/12\/WhatsApp-Image-2023-11-30-at-20.31.28_c119ec0c.jpg 1024w, https:\/\/union-adm.at\/wp-content\/uploads\/2023\/12\/WhatsApp-Image-2023-11-30-at-20.31.28_c119ec0c-300x200.jpg 300w, https:\/\/union-adm.at\/wp-content\/uploads\/2023\/12\/WhatsApp-Image-2023-11-30-at-20.31.28_c119ec0c-768x512.jpg 768w\" sizes=\"(max-width: 1024px) 100vw, 1024px\" \/><\/figure>\n\n\n\n<figure class=\"wp-block-image size-large\"><img decoding=\"async\" loading=\"lazy\" width=\"1024\" height=\"682\" data-id=\"4253\"  src=\"https:\/\/union-adm.at\/wp-content\/uploads\/2023\/12\/WhatsApp-Image-2023-11-30-at-20.31.28_e7ee5522.jpg\" alt=\"\" class=\"wp-image-4253\" srcset=\"https:\/\/union-adm.at\/wp-content\/uploads\/2023\/12\/WhatsApp-Image-2023-11-30-at-20.31.28_e7ee5522.jpg 1024w, https:\/\/union-adm.at\/wp-content\/uploads\/2023\/12\/WhatsApp-Image-2023-11-30-at-20.31.28_e7ee5522-300x200.jpg 300w, https:\/\/union-adm.at\/wp-content\/uploads\/2023\/12\/WhatsApp-Image-2023-11-30-at-20.31.28_e7ee5522-768x512.jpg 768w\" sizes=\"(max-width: 1024px) 100vw, 1024px\" \/><\/figure>\n\n\n\n<figure class=\"wp-block-image size-large\"><img decoding=\"async\" loading=\"lazy\" width=\"1024\" height=\"682\" data-id=\"4259\"  src=\"https:\/\/union-adm.at\/wp-content\/uploads\/2023\/12\/WhatsApp-Image-2023-11-30-at-20.31.28_fef5bbb6.jpg\" alt=\"\" class=\"wp-image-4259\" srcset=\"https:\/\/union-adm.at\/wp-content\/uploads\/2023\/12\/WhatsApp-Image-2023-11-30-at-20.31.28_fef5bbb6.jpg 1024w, https:\/\/union-adm.at\/wp-content\/uploads\/2023\/12\/WhatsApp-Image-2023-11-30-at-20.31.28_fef5bbb6-300x200.jpg 300w, https:\/\/union-adm.at\/wp-content\/uploads\/2023\/12\/WhatsApp-Image-2023-11-30-at-20.31.28_fef5bbb6-768x512.jpg 768w\" sizes=\"(max-width: 1024px) 100vw, 1024px\" \/><figcaption class=\"wp-element-caption\">Martin Freimuth und Helmut Eder beim 24h Radmarathon in Grieskirchen<\/figcaption><\/figure>\n<\/figure>\n<div id=\"themify_builder_content-4180\" data-postid=\"4180\" class=\"themify_builder_content themify_builder_content-4180 themify_builder themify_builder_front\">\n\n\t<\/div>\n<!-- \/themify_builder_content -->","protected":false},"excerpt":{"rendered":"<p>Ende 1995 wurde die Sektion Triathlon und Duathlon gegr\u00fcndet und in weiterer Folge von Gerhard Horvath gef\u00fchrt. Der Trainingsbetrieb wurde mit zehn Aktiven aufgenommen, wovon 3 in der Juniorenklasse starteten. Im ersten Wettkampfjahr konnte Gerald Horvath den Juniorenstaatsmeiter feiern. Bei der WM in Ungarn machte Gerald mit einem 15. Platz auf sich aufmerksam, was f\u00fcr [&hellip;]<\/p>\n","protected":false},"author":10,"featured_media":0,"parent":0,"menu_order":0,"comment_status":"closed","ping_status":"closed","template":"","meta":[],"_links":{"self":[{"href":"https:\/\/union-adm.at\/index.php?rest_route=\/wp\/v2\/pages\/4180"}],"collection":[{"href":"https:\/\/union-adm.at\/index.php?rest_route=\/wp\/v2\/pages"}],"about":[{"href":"https:\/\/union-adm.at\/index.php?rest_route=\/wp\/v2\/types\/page"}],"author":[{"embeddable":true,"href":"https:\/\/union-adm.at\/index.php?rest_route=\/wp\/v2\/users\/10"}],"replies":[{"embeddable":true,"href":"https:\/\/union-adm.at\/index.php?rest_route=%2Fwp%2Fv2%2Fcomments&post=4180"}],"version-history":[{"count":12,"href":"https:\/\/union-adm.at\/index.php?rest_route=\/wp\/v2\/pages\/4180\/revisions"}],"predecessor-version":[{"id":4261,"href":"https:\/\/union-adm.at\/index.php?rest_route=\/wp\/v2\/pages\/4180\/revisions\/4261"}],"wp:attachment":[{"href":"https:\/\/union-adm.at\/index.php?rest_route=%2Fwp%2Fv2%2Fmedia&parent=4180"}],"curies":[{"name":"wp","href":"https:\/\/api.w.org\/{rel}","templated":true}]}}